{"id":82,"date":"2022-02-28T21:49:53","date_gmt":"2022-02-28T21:49:53","guid":{"rendered":"http:\/\/janmartinboinski.de\/?page_id=82"},"modified":"2023-01-26T22:43:42","modified_gmt":"2023-01-26T22:43:42","slug":"bewerbung","status":"publish","type":"page","link":"https:\/\/janmartinboinski.de\/bewerbung\/","title":{"rendered":"Deine Bewerbung"},"content":{"rendered":"<p><span style=\"width: 100%;\"><img decoding=\"async\" alt=\"\" title=\"Attachment_1646490686\" data-id=\"200\" src=\"\/\/janmartinboinski.de\/wp-content\/uploads\/2022\/03\/Attachment_1646490686.png\" style=\"\" width=\"300\" height=\"169\" data-width=\"300\" data-height=\"169\" data-init-width=\"1920\" data-init-height=\"1080\" loading=\"lazy\"><\/span><\/p>\n<p data-tve-custom-colour=\"67980065\" style=\"text-align: center;\"><strong>DEIN KOSTENLOSES BERATUNGSGESPR\u00c4CH<\/strong><strong><\/strong><strong><\/strong><\/p>\n<p data-tve-custom-colour=\"67980065\" style=\"text-align: center;\">Bitte f\u00fclle dieses kurze Formular aus, damit ich wei\u00df, wie ich dir helfen kann:<\/p>\n<p> Fill out my <a href=\"https:\/\/janmartinboinski.wufoo.com\/forms\/z1oei8qh0sw2pcx\">online form<\/a>.  [tcb-script type=&#8220;text\/javascript&#8220;] var z1oei8qh0sw2pcx; (function(d, t) { var s = d.createElement(t), options = { &#8218;userName&#8216;:&#8217;janmartinboinski&#8216;, &#8218;formHash&#8216;:&#8217;z1oei8qh0sw2pcx&#8216;, &#8218;autoResize&#8216;:true, &#8218;height&#8216;:&#8217;401&#8242;, &#8218;async&#8216;:true, &#8218;host&#8216;:&#8217;wufoo.com&#8216;, &#8218;header&#8216;:&#8217;hide&#8216;, &#8217;ssl&#8216;:true }; s.src = (&#8218;https:&#8216; == d.location.protocol ?&#8217;https:\/\/&#8216;:&#8217;http:\/\/&#8216;) + &#8217;secure.wufoo.com\/scripts\/embed\/form.js&#8216;; s.onload = s.onreadystatechange = function() { var rs = this.readyState; if (rs) if (rs != &#8218;complete&#8216;) if (rs != &#8218;loaded&#8216;) return; try { z1oei8qh0sw2pcx = new WufooForm(); z1oei8qh0sw2pcx.initialize(options); z1oei8qh0sw2pcx.display(); } catch (e) { } }; var scr = d.getElementsByTagName(t)[0], par = scr.parentNode; par.insertBefore(s, scr); })(document, &#8217;script&#8216;); [\/tcb-script]<\/p>\n<p>Copyright \u00a9 2023<span style=\"color: rgb(167, 167, 167);\"><span style=\"outline: none;\"><a href=\"https:\/\/janmartinboinski.de\/impressum\/\" style=\"outline: none;\" target=\"_blank\" rel=\"noopener\">Impressum<\/a> | <\/span><\/span><a href=\"https:\/\/janmartinboinski.de\/datenschutzerklaerung\/\" target=\"_blank\" style=\"outline: none;\" rel=\"noopener\"><span style=\"color: rgb(167, 167, 167);\"><span style=\"outline: none;\">Datenschutz<\/span><\/span><\/a><span style=\"color: rgb(167, 167, 167);\"><span style=\"outline: none;\">&nbsp;| <\/span><\/span><a href=\"https:\/\/janmartinboinski.de\/agb\/\" target=\"_blank\" rel=\"noopener\"><span style=\"color: rgb(167, 167, 167);\"><span style=\"outline: none;\">AGB<\/span><\/span><\/a><\/p>\n","protected":false},"excerpt":{"rendered":"<p>DEIN KOSTENLOSES BERATUNGSGESPR\u00c4CH Bitte f\u00fclle dieses kurze Formular aus, damit ich wei\u00df, wie ich dir helfen kann: Fill out my online form. [tcb-script type=&#8220;text\/javascript&#8220;] var z1oei8qh0sw2pcx; (function(d, t) { var s = d.createElement(t), options = { &#8218;userName&#8216;:&#8217;janmartinboinski&#8216;, &#8218;formHash&#8216;:&#8217;z1oei8qh0sw2pcx&#8216;, &#8218;autoResize&#8216;:true, &#8218;height&#8216;:&#8217;401&#8242;, &#8218;async&#8216;:true, &#8218;host&#8216;:&#8217;wufoo.com&#8216;, &#8218;header&#8216;:&#8217;hide&#8216;, &#8217;ssl&#8216;:true }; s.src = (&#8218;https:&#8216; == d.location.protocol ?&#8217;https:\/\/&#8216;:&#8217;http:\/\/&#8216;) + &#8217;secure.wufoo.com\/scripts\/embed\/form.js&#8216;; s.onload = [&hellip;]<\/p>\n","protected":false},"author":1,"featured_media":0,"parent":0,"menu_order":0,"comment_status":"closed","ping_status":"closed","template":"","meta":{"footnotes":""},"class_list":["post-82","page","type-page","status-publish","hentry"],"yoast_head":"<!-- This site is optimized with the Yoast SEO plugin v27.3 - https:\/\/yoast.com\/product\/yoast-seo-wordpress\/ -->\n<title>Deine Bewerbung - Comeback Kreuzband<\/title>\n<meta name=\"description\" content=\"Jan-Martin Boinski\" \/>\n<meta name=\"robots\" content=\"index, follow, max-video-preview:-1, noimageindex, noarchive, nosnippet\" \/>\n<link rel=\"canonical\" href=\"https:\/\/janmartinboinski.de\/bewerbung\/\" \/>\n<meta property=\"og:locale\" content=\"de_DE\" \/>\n<meta property=\"og:type\" content=\"article\" \/>\n<meta property=\"og:title\" content=\"Deine Bewerbung - Comeback Kreuzband\" \/>\n<meta property=\"og:description\" content=\"Jan-Martin Boinski\" \/>\n<meta property=\"og:url\" content=\"https:\/\/janmartinboinski.de\/bewerbung\/\" \/>\n<meta property=\"og:site_name\" content=\"Comeback Kreuzband\" \/>\n<meta property=\"article:modified_time\" content=\"2023-01-26T22:43:42+00:00\" \/>\n<meta name=\"twitter:card\" content=\"summary_large_image\" \/>\n<meta name=\"twitter:label1\" content=\"Gesch\u00e4tzte Lesezeit\" \/>\n\t<meta name=\"twitter:data1\" content=\"1\u00a0Minute\" \/>\n<script type=\"application\/ld+json\" class=\"yoast-schema-graph\">{\"@context\":\"https:\\\/\\\/schema.org\",\"@graph\":[{\"@type\":\"WebPage\",\"@id\":\"https:\\\/\\\/janmartinboinski.de\\\/bewerbung\\\/\",\"url\":\"https:\\\/\\\/janmartinboinski.de\\\/bewerbung\\\/\",\"name\":\"Deine Bewerbung - Comeback Kreuzband\",\"isPartOf\":{\"@id\":\"https:\\\/\\\/janmartinboinski.de\\\/bewerbung\\\/#website\"},\"datePublished\":\"2022-02-28T21:49:53+00:00\",\"dateModified\":\"2023-01-26T22:43:42+00:00\",\"description\":\"Jan-Martin Boinski\",\"breadcrumb\":{\"@id\":\"https:\\\/\\\/janmartinboinski.de\\\/bewerbung\\\/#breadcrumb\"},\"inLanguage\":\"de\",\"potentialAction\":[{\"@type\":\"ReadAction\",\"target\":[\"https:\\\/\\\/janmartinboinski.de\\\/bewerbung\\\/\"]}]},{\"@type\":\"BreadcrumbList\",\"@id\":\"https:\\\/\\\/janmartinboinski.de\\\/bewerbung\\\/#breadcrumb\",\"itemListElement\":[{\"@type\":\"ListItem\",\"position\":1,\"name\":\"Startseite\",\"item\":\"https:\\\/\\\/janmartinboinski.de\\\/bewerbung\\\/\"},{\"@type\":\"ListItem\",\"position\":2,\"name\":\"Deine Bewerbung\"}]},{\"@type\":\"WebSite\",\"@id\":\"https:\\\/\\\/janmartinboinski.de\\\/bewerbung\\\/#website\",\"url\":\"https:\\\/\\\/janmartinboinski.de\\\/bewerbung\\\/\",\"name\":\"Comeback Kreuzband\",\"description\":\"Als Kreuzbandpatient zu alter St\u00e4rke\",\"potentialAction\":[{\"@type\":\"SearchAction\",\"target\":{\"@type\":\"EntryPoint\",\"urlTemplate\":\"https:\\\/\\\/janmartinboinski.de\\\/bewerbung\\\/?s={search_term_string}\"},\"query-input\":{\"@type\":\"PropertyValueSpecification\",\"valueRequired\":true,\"valueName\":\"search_term_string\"}}],\"inLanguage\":\"de\"}]}<\/script>\n<!-- \/ Yoast SEO plugin. -->","yoast_head_json":{"title":"Deine Bewerbung - Comeback Kreuzband","description":"Jan-Martin Boinski","robots":{"index":"index","follow":"follow","max-video-preview":"max-video-preview:-1","imageindex":"noimageindex","archive":"noarchive","snippet":"nosnippet"},"canonical":"https:\/\/janmartinboinski.de\/bewerbung\/","og_locale":"de_DE","og_type":"article","og_title":"Deine Bewerbung - Comeback Kreuzband","og_description":"Jan-Martin Boinski","og_url":"https:\/\/janmartinboinski.de\/bewerbung\/","og_site_name":"Comeback Kreuzband","article_modified_time":"2023-01-26T22:43:42+00:00","twitter_card":"summary_large_image","twitter_misc":{"Gesch\u00e4tzte Lesezeit":"1\u00a0Minute"},"schema":{"@context":"https:\/\/schema.org","@graph":[{"@type":"WebPage","@id":"https:\/\/janmartinboinski.de\/bewerbung\/","url":"https:\/\/janmartinboinski.de\/bewerbung\/","name":"Deine Bewerbung - Comeback Kreuzband","isPartOf":{"@id":"https:\/\/janmartinboinski.de\/bewerbung\/#website"},"datePublished":"2022-02-28T21:49:53+00:00","dateModified":"2023-01-26T22:43:42+00:00","description":"Jan-Martin Boinski","breadcrumb":{"@id":"https:\/\/janmartinboinski.de\/bewerbung\/#breadcrumb"},"inLanguage":"de","potentialAction":[{"@type":"ReadAction","target":["https:\/\/janmartinboinski.de\/bewerbung\/"]}]},{"@type":"BreadcrumbList","@id":"https:\/\/janmartinboinski.de\/bewerbung\/#breadcrumb","itemListElement":[{"@type":"ListItem","position":1,"name":"Startseite","item":"https:\/\/janmartinboinski.de\/bewerbung\/"},{"@type":"ListItem","position":2,"name":"Deine Bewerbung"}]},{"@type":"WebSite","@id":"https:\/\/janmartinboinski.de\/bewerbung\/#website","url":"https:\/\/janmartinboinski.de\/bewerbung\/","name":"Comeback Kreuzband","description":"Als Kreuzbandpatient zu alter St\u00e4rke","potentialAction":[{"@type":"SearchAction","target":{"@type":"EntryPoint","urlTemplate":"https:\/\/janmartinboinski.de\/bewerbung\/?s={search_term_string}"},"query-input":{"@type":"PropertyValueSpecification","valueRequired":true,"valueName":"search_term_string"}}],"inLanguage":"de"}]}},"_links":{"self":[{"href":"https:\/\/janmartinboinski.de\/bewerbung\/wp-json\/wp\/v2\/pages\/82","targetHints":{"allow":["GET"]}}],"collection":[{"href":"https:\/\/janmartinboinski.de\/bewerbung\/wp-json\/wp\/v2\/pages"}],"about":[{"href":"https:\/\/janmartinboinski.de\/bewerbung\/wp-json\/wp\/v2\/types\/page"}],"author":[{"embeddable":true,"href":"https:\/\/janmartinboinski.de\/bewerbung\/wp-json\/wp\/v2\/users\/1"}],"replies":[{"embeddable":true,"href":"https:\/\/janmartinboinski.de\/bewerbung\/wp-json\/wp\/v2\/comments?post=82"}],"version-history":[{"count":26,"href":"https:\/\/janmartinboinski.de\/bewerbung\/wp-json\/wp\/v2\/pages\/82\/revisions"}],"predecessor-version":[{"id":396,"href":"https:\/\/janmartinboinski.de\/bewerbung\/wp-json\/wp\/v2\/pages\/82\/revisions\/396"}],"wp:attachment":[{"href":"https:\/\/janmartinboinski.de\/bewerbung\/wp-json\/wp\/v2\/media?parent=82"}],"curies":[{"name":"wp","href":"https:\/\/api.w.org\/{rel}","templated":true}]}}