{"id":376,"date":"2023-01-26T22:16:50","date_gmt":"2023-01-26T22:16:50","guid":{"rendered":"https:\/\/janmartinboinski.de\/bewerbung\/?page_id=376"},"modified":"2023-01-26T22:38:50","modified_gmt":"2023-01-26T22:38:50","slug":"impressum","status":"publish","type":"page","link":"https:\/\/janmartinboinski.de\/bewerbung\/impressum\/","title":{"rendered":"Impressum"},"content":{"rendered":"<p><span style=\"width: 100%;\"><img decoding=\"async\" alt=\"\" width=\"302\" height=\"170\" title=\"schwarz-gold - transparent\" data-id=\"266\" src=\"\/\/janmartinboinski.de\/wp-content\/uploads\/2022\/03\/schwarz-gold-transparent.png\" style=\"\" data-width=\"302\" data-height=\"170\" data-init-width=\"1920\" data-init-height=\"1080\" loading=\"lazy\"><\/span><\/p>\n<p style=\"text-align: center;\"><strong>Impressum<\/strong><\/p>\n<\/p>\n<p dir=\"ltr\"><strong>Angaben gem\u00e4\u00df \u00a7 5 TMG:<\/strong><\/p>\n<p dir=\"ltr\">\n<p dir=\"ltr\">Jan-Martin Boinski<\/p>\n<p dir=\"ltr\">Marienstr. 14a<\/p>\n<p dir=\"ltr\">38102 Braunschweig<\/p>\n<p dir=\"ltr\">\n<p dir=\"ltr\">Telefon: 0151 26059118<\/p>\n<p dir=\"ltr\">E-Mail: coaching@janmartinboinski.de<\/p>\n<p dir=\"ltr\">\n<p dir=\"ltr\"><strong>Verantwortlich f\u00fcr den Inhalt nach \u00a7 18 Abs. 2 MStV:<\/strong><\/p>\n<p dir=\"ltr\">Jan-Martin Boinski<\/p>\n<p dir=\"ltr\">\n<p dir=\"ltr\"><strong>Streitbeilegungsverfahren<\/strong><\/p>\n<p dir=\"ltr\">Die Europ\u00e4ische Kommission stellt eine Plattform f\u00fcr die au\u00dfergerichtliche Online-Streitbeilegung (OS-Plattform) bereit, aufrufbar unter <a href=\"https:\/\/ec.europa.eu\/consumers\/odr\/\" style=\"outline: none;\">https:\/\/ec.europa.eu\/consumers\/odr\/<\/a>.&nbsp;<\/p>\n<p dir=\"ltr\">Wir sind nicht bereit oder verpflichtet, an Streitbeilegungsverfahren vor einer Verbraucherschlichtungsstelle teilzunehmen.<\/p>\n","protected":false},"excerpt":{"rendered":"<p>Impressum Angaben gem\u00e4\u00df \u00a7 5 TMG: Jan-Martin Boinski Marienstr. 14a 38102 Braunschweig Telefon: 0151 26059118 E-Mail: coaching@janmartinboinski.de Verantwortlich f\u00fcr den Inhalt nach \u00a7 18 Abs. 2 MStV: Jan-Martin Boinski Streitbeilegungsverfahren Die Europ\u00e4ische Kommission stellt eine Plattform f\u00fcr die au\u00dfergerichtliche Online-Streitbeilegung (OS-Plattform) bereit, aufrufbar unter https:\/\/ec.europa.eu\/consumers\/odr\/.&nbsp; Wir sind nicht bereit oder verpflichtet, an Streitbeilegungsverfahren vor einer [&hellip;]<\/p>\n","protected":false},"author":1,"featured_media":0,"parent":0,"menu_order":0,"comment_status":"closed","ping_status":"closed","template":"","meta":{"footnotes":""},"class_list":["post-376","page","type-page","status-publish","hentry"],"yoast_head":"<!-- This site is optimized with the Yoast SEO plugin v27.3 - https:\/\/yoast.com\/product\/yoast-seo-wordpress\/ -->\n<title>Impressum - Comeback Kreuzband<\/title>\n<meta name=\"robots\" content=\"index, follow, max-snippet:-1, max-image-preview:large, max-video-preview:-1\" \/>\n<link rel=\"canonical\" href=\"https:\/\/janmartinboinski.de\/bewerbung\/impressum\/\" \/>\n<meta property=\"og:locale\" content=\"de_DE\" \/>\n<meta property=\"og:type\" content=\"article\" \/>\n<meta property=\"og:title\" content=\"Impressum - Comeback Kreuzband\" \/>\n<meta property=\"og:description\" content=\"Impressum Angaben gem\u00e4\u00df \u00a7 5 TMG: Jan-Martin Boinski Marienstr. 14a 38102 Braunschweig Telefon: 0151 26059118 E-Mail: coaching@janmartinboinski.de Verantwortlich f\u00fcr den Inhalt nach \u00a7 18 Abs. 2 MStV: Jan-Martin Boinski Streitbeilegungsverfahren Die Europ\u00e4ische Kommission stellt eine Plattform f\u00fcr die au\u00dfergerichtliche Online-Streitbeilegung (OS-Plattform) bereit, aufrufbar unter https:\/\/ec.europa.eu\/consumers\/odr\/.&nbsp; Wir sind nicht bereit oder verpflichtet, an Streitbeilegungsverfahren vor einer [&hellip;]\" \/>\n<meta property=\"og:url\" content=\"https:\/\/janmartinboinski.de\/bewerbung\/impressum\/\" \/>\n<meta property=\"og:site_name\" content=\"Comeback Kreuzband\" \/>\n<meta property=\"article:modified_time\" content=\"2023-01-26T22:38:50+00:00\" \/>\n<meta name=\"twitter:card\" content=\"summary_large_image\" \/>\n<script type=\"application\/ld+json\" class=\"yoast-schema-graph\">{\"@context\":\"https:\\\/\\\/schema.org\",\"@graph\":[{\"@type\":\"WebPage\",\"@id\":\"https:\\\/\\\/janmartinboinski.de\\\/bewerbung\\\/impressum\\\/\",\"url\":\"https:\\\/\\\/janmartinboinski.de\\\/bewerbung\\\/impressum\\\/\",\"name\":\"Impressum - Comeback Kreuzband\",\"isPartOf\":{\"@id\":\"https:\\\/\\\/janmartinboinski.de\\\/bewerbung\\\/#website\"},\"datePublished\":\"2023-01-26T22:16:50+00:00\",\"dateModified\":\"2023-01-26T22:38:50+00:00\",\"breadcrumb\":{\"@id\":\"https:\\\/\\\/janmartinboinski.de\\\/bewerbung\\\/impressum\\\/#breadcrumb\"},\"inLanguage\":\"de\",\"potentialAction\":[{\"@type\":\"ReadAction\",\"target\":[\"https:\\\/\\\/janmartinboinski.de\\\/bewerbung\\\/impressum\\\/\"]}]},{\"@type\":\"BreadcrumbList\",\"@id\":\"https:\\\/\\\/janmartinboinski.de\\\/bewerbung\\\/impressum\\\/#breadcrumb\",\"itemListElement\":[{\"@type\":\"ListItem\",\"position\":1,\"name\":\"Startseite\",\"item\":\"https:\\\/\\\/janmartinboinski.de\\\/bewerbung\\\/\"},{\"@type\":\"ListItem\",\"position\":2,\"name\":\"Impressum\"}]},{\"@type\":\"WebSite\",\"@id\":\"https:\\\/\\\/janmartinboinski.de\\\/bewerbung\\\/#website\",\"url\":\"https:\\\/\\\/janmartinboinski.de\\\/bewerbung\\\/\",\"name\":\"Comeback Kreuzband\",\"description\":\"Als Kreuzbandpatient zu alter St\u00e4rke\",\"potentialAction\":[{\"@type\":\"SearchAction\",\"target\":{\"@type\":\"EntryPoint\",\"urlTemplate\":\"https:\\\/\\\/janmartinboinski.de\\\/bewerbung\\\/?s={search_term_string}\"},\"query-input\":{\"@type\":\"PropertyValueSpecification\",\"valueRequired\":true,\"valueName\":\"search_term_string\"}}],\"inLanguage\":\"de\"}]}<\/script>\n<!-- \/ Yoast SEO plugin. -->","yoast_head_json":{"title":"Impressum - Comeback Kreuzband","robots":{"index":"index","follow":"follow","max-snippet":"max-snippet:-1","max-image-preview":"max-image-preview:large","max-video-preview":"max-video-preview:-1"},"canonical":"https:\/\/janmartinboinski.de\/bewerbung\/impressum\/","og_locale":"de_DE","og_type":"article","og_title":"Impressum - Comeback Kreuzband","og_description":"Impressum Angaben gem\u00e4\u00df \u00a7 5 TMG: Jan-Martin Boinski Marienstr. 14a 38102 Braunschweig Telefon: 0151 26059118 E-Mail: coaching@janmartinboinski.de Verantwortlich f\u00fcr den Inhalt nach \u00a7 18 Abs. 2 MStV: Jan-Martin Boinski Streitbeilegungsverfahren Die Europ\u00e4ische Kommission stellt eine Plattform f\u00fcr die au\u00dfergerichtliche Online-Streitbeilegung (OS-Plattform) bereit, aufrufbar unter https:\/\/ec.europa.eu\/consumers\/odr\/.&nbsp; Wir sind nicht bereit oder verpflichtet, an Streitbeilegungsverfahren vor einer [&hellip;]","og_url":"https:\/\/janmartinboinski.de\/bewerbung\/impressum\/","og_site_name":"Comeback Kreuzband","article_modified_time":"2023-01-26T22:38:50+00:00","twitter_card":"summary_large_image","schema":{"@context":"https:\/\/schema.org","@graph":[{"@type":"WebPage","@id":"https:\/\/janmartinboinski.de\/bewerbung\/impressum\/","url":"https:\/\/janmartinboinski.de\/bewerbung\/impressum\/","name":"Impressum - Comeback Kreuzband","isPartOf":{"@id":"https:\/\/janmartinboinski.de\/bewerbung\/#website"},"datePublished":"2023-01-26T22:16:50+00:00","dateModified":"2023-01-26T22:38:50+00:00","breadcrumb":{"@id":"https:\/\/janmartinboinski.de\/bewerbung\/impressum\/#breadcrumb"},"inLanguage":"de","potentialAction":[{"@type":"ReadAction","target":["https:\/\/janmartinboinski.de\/bewerbung\/impressum\/"]}]},{"@type":"BreadcrumbList","@id":"https:\/\/janmartinboinski.de\/bewerbung\/impressum\/#breadcrumb","itemListElement":[{"@type":"ListItem","position":1,"name":"Startseite","item":"https:\/\/janmartinboinski.de\/bewerbung\/"},{"@type":"ListItem","position":2,"name":"Impressum"}]},{"@type":"WebSite","@id":"https:\/\/janmartinboinski.de\/bewerbung\/#website","url":"https:\/\/janmartinboinski.de\/bewerbung\/","name":"Comeback Kreuzband","description":"Als Kreuzbandpatient zu alter St\u00e4rke","potentialAction":[{"@type":"SearchAction","target":{"@type":"EntryPoint","urlTemplate":"https:\/\/janmartinboinski.de\/bewerbung\/?s={search_term_string}"},"query-input":{"@type":"PropertyValueSpecification","valueRequired":true,"valueName":"search_term_string"}}],"inLanguage":"de"}]}},"_links":{"self":[{"href":"https:\/\/janmartinboinski.de\/bewerbung\/wp-json\/wp\/v2\/pages\/376","targetHints":{"allow":["GET"]}}],"collection":[{"href":"https:\/\/janmartinboinski.de\/bewerbung\/wp-json\/wp\/v2\/pages"}],"about":[{"href":"https:\/\/janmartinboinski.de\/bewerbung\/wp-json\/wp\/v2\/types\/page"}],"author":[{"embeddable":true,"href":"https:\/\/janmartinboinski.de\/bewerbung\/wp-json\/wp\/v2\/users\/1"}],"replies":[{"embeddable":true,"href":"https:\/\/janmartinboinski.de\/bewerbung\/wp-json\/wp\/v2\/comments?post=376"}],"version-history":[{"count":5,"href":"https:\/\/janmartinboinski.de\/bewerbung\/wp-json\/wp\/v2\/pages\/376\/revisions"}],"predecessor-version":[{"id":392,"href":"https:\/\/janmartinboinski.de\/bewerbung\/wp-json\/wp\/v2\/pages\/376\/revisions\/392"}],"wp:attachment":[{"href":"https:\/\/janmartinboinski.de\/bewerbung\/wp-json\/wp\/v2\/media?parent=376"}],"curies":[{"name":"wp","href":"https:\/\/api.w.org\/{rel}","templated":true}]}}